{"id":32,"date":"2021-09-08T18:29:02","date_gmt":"2021-09-08T16:29:02","guid":{"rendered":"https:\/\/amicalepompiersagde.fr\/magasin\/?page_id=32"},"modified":"2021-09-08T18:29:57","modified_gmt":"2021-09-08T16:29:57","slug":"remboursements_retours","status":"publish","type":"page","link":"https:\/\/amicalepompiersagde.fr\/magasin\/?page_id=32","title":{"rendered":"Conditions g\u00e9n\u00e9rales"},"content":{"rendered":"\n<p><strong>Vue d&rsquo;ensemble<\/strong><\/p>\n\n\n\n<p>Notre politique de remboursement et de retour dure 30 jours. Si 30 jours se sont \u00e9coul\u00e9s depuis votre achat, nous ne pouvons pas vous offrir un remboursement complet ou un \u00e9change.<\/p>\n\n\n\n<p>Pour \u00eatre admissible \u00e0 un retour, votre article doit \u00eatre inutilis\u00e9 et dans le m\u00eame \u00e9tat que celui dans lequel vous l&rsquo;avez re\u00e7u. Il doit \u00e9galement \u00eatre dans son emballage d&rsquo;origine.<\/p>\n\n\n\n<p>Plusieurs types de marchandises ne peuvent pas \u00eatre retourn\u00e9s. Les produits p\u00e9rissables tels que les aliments, les fleurs, les journaux ou les magazines ne peuvent pas \u00eatre retourn\u00e9s. Nous n&rsquo;acceptons pas non plus les produits intimes ou sanitaires, les mati\u00e8res dangereuses ou les liquides ou gaz inflammables.<\/p>\n\n\n\n<p>Autres articles non retournables :<\/p>\n\n\n\n<p>Cartes-cadeaux<br>Logiciels t\u00e9l\u00e9chargeables<br>Certains articles de sant\u00e9 et de soins personnels<br>Pour compl\u00e9ter votre retour, nous avons besoin d&rsquo;un re\u00e7u ou d&rsquo;une preuve d&rsquo;achat.<\/p>\n\n\n\n<p>Dans certaines situations, seuls des remboursements partiels sont accord\u00e9s :<\/p>\n\n\n\n<p>Livre pr\u00e9sentant des signes \u00e9vidents d&rsquo;utilisation<br>CD, DVD, cassette VHS, logiciel, jeu vid\u00e9o, cassette ou disque vinyle qui a \u00e9t\u00e9 ouvert.<br>Tout article qui n&rsquo;est pas dans son \u00e9tat d&rsquo;origine, qui est endommag\u00e9 ou auquel il manque des pi\u00e8ces pour des raisons qui ne sont pas dues \u00e0 notre erreur.<br>Tout article retourn\u00e9 plus de 30 jours apr\u00e8s la livraison.<br>Remboursements<\/p>\n\n\n\n<p>Une fois votre retour re\u00e7u et inspect\u00e9, nous vous enverrons un courriel pour vous informer que nous avons re\u00e7u votre article retourn\u00e9. Nous vous informerons \u00e9galement de l&rsquo;approbation ou du rejet de votre remboursement.<\/p>\n\n\n\n<p>Si votre demande est approuv\u00e9e, votre remboursement sera trait\u00e9 et un cr\u00e9dit sera automatiquement appliqu\u00e9 \u00e0 votre carte de cr\u00e9dit ou \u00e0 votre mode de paiement initial, dans un d\u00e9lai de quelques jours.<\/p>\n\n\n\n<p>Remboursements tardifs ou manquants<br>Si vous n&rsquo;avez pas encore re\u00e7u de remboursement, v\u00e9rifiez d&rsquo;abord \u00e0 nouveau votre compte bancaire.<\/p>\n\n\n\n<p>Contactez ensuite la soci\u00e9t\u00e9 \u00e9mettrice de votre carte de cr\u00e9dit. Il peut s&rsquo;\u00e9couler un certain temps avant que votre remboursement ne soit officiellement comptabilis\u00e9.<\/p>\n\n\n\n<p>Contactez ensuite votre banque. Il y a souvent un d\u00e9lai de traitement avant que le remboursement ne soit comptabilis\u00e9.<\/p>\n\n\n\n<p>Si vous avez fait tout cela et que vous n&rsquo;avez toujours pas re\u00e7u votre remboursement, veuillez nous contacter \u00e0 <a href=\"mailto:contact@amicalespompiersagde.fr\">contact@amicalespompiersagde.fr<\/a>.<\/p>\n\n\n\n<p>Articles en solde<br>Seuls les articles \u00e0 prix normal peuvent \u00eatre rembours\u00e9s. Les articles en solde ne peuvent pas \u00eatre rembours\u00e9s.<\/p>\n\n\n\n<p>\u00c9changes<\/p>\n\n\n\n<p>Nous ne rempla\u00e7ons les articles que s&rsquo;ils sont d\u00e9fectueux ou endommag\u00e9s. Si vous souhaitez l&rsquo;\u00e9changer contre le m\u00eame article, envoyez-nous un courriel \u00e0 <a href=\"mailto:contact@amicalespompiersagde.fr\">contact@amicalespompiersagde.fr<\/a>.<\/p>\n\n\n\n<p>Cadeaux<\/p>\n\n\n\n<p>Si l&rsquo;article a \u00e9t\u00e9 marqu\u00e9 comme cadeau lors de l&rsquo;achat et exp\u00e9di\u00e9 directement chez vous, vous recevrez un cr\u00e9dit cadeau de la valeur de votre retour. D\u00e8s r\u00e9ception de l&rsquo;article retourn\u00e9, un ch\u00e8que-cadeau vous sera envoy\u00e9 par courrier.<\/p>\n\n\n\n<p>Si l&rsquo;article n&rsquo;\u00e9tait pas marqu\u00e9 comme cadeau au moment de l&rsquo;achat, ou si le destinataire du cadeau s&rsquo;est fait exp\u00e9dier la commande pour vous la remettre plus tard, nous enverrons un remboursement au destinataire du cadeau et il sera inform\u00e9 de votre retour.<\/p>\n\n\n\n<p>Exp\u00e9dition des retours<\/p>\n\n\n\n<p>Pour renvoyer votre produit, vous devez l&rsquo;envoyer par la poste.<\/p>\n\n\n\n<p>Vous serez responsable du paiement de vos propres frais d&rsquo;exp\u00e9dition pour le retour de votre article. Les frais d&rsquo;exp\u00e9dition ne sont pas remboursables. Si vous recevez un remboursement, les frais d&rsquo;exp\u00e9dition de retour seront d\u00e9duits de votre remboursement.<\/p>\n\n\n\n<p>Le d\u00e9lai d&rsquo;acheminement de votre produit \u00e9chang\u00e9 peut varier en fonction de votre lieu de r\u00e9sidence.<\/p>\n\n\n\n<p>Si vous retournez des articles plus chers, vous pouvez envisager d&rsquo;utiliser un service d&rsquo;exp\u00e9dition avec suivi ou de souscrire une assurance exp\u00e9dition. Nous ne garantissons pas que nous recevrons votre article retourn\u00e9.<\/p>\n\n\n\n<p>Vous avez besoin d&rsquo;aide ?<\/p>\n\n\n\n<p>Contactez-nous \u00e0 <a href=\"mailto:contact@amicalespompiersagde.fr\">contact@amicalespompiersagde.fr<\/a> pour toute question relative aux remboursements et aux retours.<\/p>\n","protected":false},"excerpt":{"rendered":"<p>Vue d&rsquo;ensemble Notre politique de remboursement et de retour dure 30 jours. Si 30 jours se sont \u00e9coul\u00e9s depuis votre achat, nous ne pouvons pas vous offrir un remboursement complet ou un \u00e9change. Pour \u00eatre admissible \u00e0 un retour, votre article doit \u00eatre inutilis\u00e9 et dans le m\u00eame \u00e9tat que celui dans lequel vous l&rsquo;avez&hellip; <a class=\"more-link\" href=\"https:\/\/amicalepompiersagde.fr\/magasin\/?page_id=32\">Poursuivre la lecture <span class=\"screen-reader-text\">Conditions g\u00e9n\u00e9rales<\/span><\/a><\/p>\n","protected":false},"author":1,"featured_media":0,"parent":0,"menu_order":0,"comment_status":"closed","ping_status":"closed","template":"","meta":{"footnotes":""},"class_list":["post-32","page","type-page","status-publish","hentry","entry"],"_links":{"self":[{"href":"https:\/\/amicalepompiersagde.fr\/magasin\/index.php?rest_route=\/wp\/v2\/pages\/32","targetHints":{"allow":["GET"]}}],"collection":[{"href":"https:\/\/amicalepompiersagde.fr\/magasin\/index.php?rest_route=\/wp\/v2\/pages"}],"about":[{"href":"https:\/\/amicalepompiersagde.fr\/magasin\/index.php?rest_route=\/wp\/v2\/types\/page"}],"author":[{"embeddable":true,"href":"https:\/\/amicalepompiersagde.fr\/magasin\/index.php?rest_route=\/wp\/v2\/users\/1"}],"replies":[{"embeddable":true,"href":"https:\/\/amicalepompiersagde.fr\/magasin\/index.php?rest_route=%2Fwp%2Fv2%2Fcomments&post=32"}],"version-history":[{"count":2,"href":"https:\/\/amicalepompiersagde.fr\/magasin\/index.php?rest_route=\/wp\/v2\/pages\/32\/revisions"}],"predecessor-version":[{"id":48,"href":"https:\/\/amicalepompiersagde.fr\/magasin\/index.php?rest_route=\/wp\/v2\/pages\/32\/revisions\/48"}],"wp:attachment":[{"href":"https:\/\/amicalepompiersagde.fr\/magasin\/index.php?rest_route=%2Fwp%2Fv2%2Fmedia&parent=32"}],"curies":[{"name":"wp","href":"https:\/\/api.w.org\/{rel}","templated":true}]}}